{"id":4858,"date":"2023-10-25T12:39:59","date_gmt":"2023-10-25T16:39:59","guid":{"rendered":"https:\/\/www.duraquip.qc.ca\/politique-de-confidentialite\/"},"modified":"2023-10-27T11:18:37","modified_gmt":"2023-10-27T15:18:37","slug":"privacy-policy","status":"publish","type":"page","link":"https:\/\/www.duraquip.qc.ca\/en\/privacy-policy\/","title":{"rendered":"Privacy Policy"},"content":{"rendered":"<h2>Preamble<\/h2>\n<p>Duraquip is subject to the Personal Information Protection Act in the private sector.<br \/>\nDuraquip recognizes the importance of respecting privacy and is committed to limiting the collection of information to what is necessary. This policy aims to inform you of the guidelines established to protect the personal information that you entrust to Duraquip, via the Web or any other means, all in compliance with the law.<\/p>\n<h2>1. General Principles<\/h2>\n<p>In the course of its activities, and with your agreement, Duraquip may collect personal information in order to use it for the purposes described in section 6.<br \/>\nThe objective of this policy is to clearly explain how Duraquip collects and processes your personal information, including the data you provide when joining as a member, making a donation, or following your subscription to our newsletter, for example.<\/p>\n<p>This policy as well as the practices regarding the management of personal information apply to the entire organization, including all employed and volunteer staff of Duraquip.<\/p>\n<h2>2. Definition<\/h2>\n<p>Personal information is information that relates to a natural person and allows them to be identified, directly or indirectly. Regardless of its medium or form of accessibility (written, graphic, audio, visual, computerized), all personal data are covered by this policy. However, this does not include professional contact details and data that has been anonymized for legitimate and serious purposes.<\/p>\n<h2>3. Consent<\/h2>\n<p>Your consent to the communication or use of your personal information must be given explicitly. It will be valid for the purposes mentioned in this policy as well as for the specific purposes mentioned at the time of consent, if applicable. Consent will be valid for the duration necessary to achieve the objectives specified in the consent or the purposes outlined in section 6 of this policy. Your consent can be withdrawn at any time, as indicated in section 8.3 of this policy.<\/p>\n<h2>4. Personal Information that Duraquip May Collect About You<\/h2>\n<p>Duraquip may collect, hold, use, transfer, and communicate various types of personal information about you, which are grouped as follows:<\/p>\n<ul>\n<li>Identity Data: first name, last name, title, username or similar identifier, date of birth, gender, marital status, and information on a valid identity document, including a driver\u2019s license, and, for tax purposes, social insurance number or passport;<\/li>\n<li>Contact Data: postal and\/or delivery address, billing address, email address, and telephone number;<\/li>\n<li>Payment Data: payment card details (credit or debit) and checks;<\/li>\n<li>Donation Data: details and history of donations made;<\/li>\n<li>Service-related Data: details about the services you have obtained at Duraquip;<\/li>\n<li>Technical Data: Internet Protocol (IP) address, login data, type and version of browser, time zone setting and location, types and versions of browser plug-ins, operating system and platform, and other technologies on the devices you use to access our websites;<\/li>\n<li>Usage Data: information about how you use our websites and services;<\/li>\n<li>Marketing and Communications Data: preferences in receiving communications from us and our third parties, and communication preferences. This also includes that we may take note of conversations we have had with you in person and\/or communications you have sent to Duraquip. This helps us manage our relationship with you and ensures that you only receive communications that are relevant and tailored to your preferences;<\/li>\n<li>Employment Candidate Data: all the data you have submitted to us through a job offer.<\/li>\n<\/ul>\n<h2>5. How Duraquip Collects Your Personal Information<\/h2>\n<p>Duraquip collects various personal information in several ways.<\/p>\n<h3>5.1. Information You Provide to Us<\/h3>\n<p>The collection of personal information primarily occurs when you use Duraquip&#8217;s services and you voluntarily communicate your personal information.<\/p>\n<h3>5.2. Automated Technologies or Interactions<\/h3>\n<p>When you interact with Duraquip&#8217;s websites, technical data about your equipment, actions, and browsing patterns may, with your consent, be collected using cookies and other similar technologies.<br \/>\nThe use of cookies is a common practice. They are files that contain certain data about a person visiting a website. Cookies are stored on the user&#8217;s computer or on the hard disk of another device; they enable Duraquip to tailor your experience each time you visit our websites. If cookies remain disabled, some functions of our websites may not be accessible.<\/p>\n<p>Duraquip&#8217;s websites offer hyperlinks leading to other websites. The information exchanged on these sites is not subject to this privacy policy.<\/p>\n<h3>5.3. Information from Third Parties<\/h3>\n<p>Duraquip occasionally receives information about you from third parties, as indicated below:<\/p>\n<ul>\n<li>Analytics providers such as Google Analytics;<\/li>\n<li>Advertising networks such as Facebook, Instagram, YouTube, and LinkedIn;<\/li>\n<li>Search information providers such as Google;<\/li>\n<li>Publicly accessible information about you.<\/li>\n<\/ul>\n<h2>6. Purposes of Collecting Personal Information<\/h2>\n<p>The personal information you provide to Duraquip will be used exclusively for the following purposes:<\/p>\n<ul>\n<li>To follow up on your order of publications;<\/li>\n<li>To periodically communicate with you in writing, orally, or electronically to inform you about the activities and events of Duraquip;<\/li>\n<li>To solicit your participation in a survey;<\/li>\n<li>To identify and authenticate you in Duraquip&#8217;s computer and cloud systems to facilitate transactions;<\/li>\n<li>To maintain and analyze statistics on its clientele, members, and partners in order to improve its websites, services, and communications;<\/li>\n<li>To propose, on external websites, social platforms, or in its newsletter, relevant content and advertisements and measure the effectiveness of advertising;<\/li>\n<li>To enable Duraquip to provide a service tailored to the needs of its members and partners;<\/li>\n<li>To receive and analyze a job application submitted during a job search;<\/li>\n<\/ul>\n<h2>7. Use, Retention, and Disclosure of Your Personal Information<\/h2>\n<h3>7.1. Use of Your Personal Information<\/h3>\n<p>Your personal information will only be used for the purposes for which it was collected, as specified in section 6.<\/p>\n<h3>7.2. Retention of Your Personal Information<\/h3>\n<p>Your personal data will be kept confidential, for as long as necessary, in relation to the purposes for which it was collected, including to meet any legal, accounting, or reporting requirements.<br \/>\nYour personal information will be stored either physically on Duraquip&#8217;s premises, digitally on Duraquip&#8217;s computer equipment, or digitally in the cloud system used by Duraquip.<\/p>\n<p>Duraquip ensures the protection of your personal information at all times, through appropriate security measures, whether they are material, organizational, or technological. Also, Duraquip ensures to limit access to personal information to authorized persons, according to the security levels specified in section 7.4.<\/p>\n<h3>7.3. Disclosure of Your Personal Information<\/h3>\n<p>Duraquip may disclose your personal information to third parties in the following cases:<\/p>\n<ul>\n<li>To service providers who, under a service contract, assist Duraquip in their activities for the sole purposes prescribed by law. Duraquip does not allow its third-party service providers to use your personal information for their own purposes and only permits them to process it for specific purposes and in accordance with our instructions;<\/li>\n<li>In all cases where, under the Act on the Protection of Personal Information in the Private Sector, the disclosure of personal information is possible without prior authorization.<\/li>\n<li>Duraquip ensures, within reasonable limits, that these third parties respect the rules and commitments of this policy by taking the necessary measures.<\/li>\n<\/ul>\n<h3>7.4. Accessibility by Staff<\/h3>\n<p>Duraquip has taken steps to ensure the highest protection of your personal information. To this end, three levels of security have been determined:<\/p>\n<ul>\n<li>Very high level: category of personnel with access to all your personal information<\/li>\n<li>High level: category of personnel with access to some of your personal information<\/li>\n<li>Basic level: category of personnel with access to a minimum of personal information<\/li>\n<\/ul>\n<h2>8. Your Legal Rights<\/h2>\n<h3>8.1. Right of Access to Your Personal Information<\/h3>\n<p>Duraquip allows you, subject to the conditions and exemptions provided by law, to access the personal information it holds about you. Upon request, Duraquip will inform you of the personal information held and its usage, and will allow you to consult it.<\/p>\n<h3>8.2. Right to Correct or Delete Personal Information<\/h3>\n<p>It is possible to correct personal information that Duraquip has collected when this information is inaccurate, incomplete, ambiguous, outdated, or not justified by the purposes described in section 6 of this policy.<br \/>\nIt is also possible to have any confidential information that was collected in a manner not compliant with the law deleted.<\/p>\n<h3>8.3. Right to Withdraw Consent<\/h3>\n<p>In cases where Duraquip relies on your consent to process your personal information, you have the right to withdraw your consent at any time. However, this will not affect the lawfulness of any processing carried out before you withdraw your consent. If you withdraw your consent, Duraquip might not be able to provide certain services to you.<\/p>\n<h2>9. Requests and Complaints<\/h2>\n<p>Any request for access, correction, or deletion, or any complaint regarding the implementation of this policy, must be made in writing and accompanied by proof of identity.<br \/>\nPlease consult section 11 for the contact details of the person responsible for the protection of personal information.<\/p>\n<p>Upon receiving a request or complaint, Duraquip will endeavor to respond within 30 days. Occasionally, it may take up to 60 days to respond to your request, for example, if it is particularly complex or if you have made several requests. In such cases, Duraquip will inform you.<\/p>\n<h2>10. Notification of Changes to the Privacy Policy<\/h2>\n<p>Please regularly consult this section of the website <a href=\"https:\/\/www.duraquip.qc.ca\/\">https:\/\/www.duraquip.qc.ca\/<\/a> to stay informed of any changes made to our privacy policy.<\/p>\n<h2>11. Contact Details and Additional Information<\/h2>\n<p>For any questions or comments regarding how Duraquip processes your personal information, the data privacy policy, or to exercise any of your rights, please do not hesitate to contact the person responsible for the protection of personal information, Fran\u00e7ois Rondeau, owner:<br \/>\nVia email:<\/p>\n<p>francois@duraquip.qc.ca<\/p>\n<p>By mail:<br \/>\n1390 Joliot-Curie Street<br \/>\nBoucherville, Quebec J4B 7L9<\/p>\n<p><strong>Contact Person for Privacy:<\/strong><br \/>\nFran\u00e7ois Rondeau<br \/>\n450-449-2294<\/p>\n<h2>12. Declaration<\/h2>\n<p>Following the reading of this Data Privacy Policy and confirming adherence to it, any person covered by the collection of personal information concerning them declares to understand that they were allowed to refuse to let Duraquip collect these details about them and also confirms:<\/p>\n<ul>\n<li>that they agree that Duraquip collects and shares personal information concerning them to achieve the purposes described in section 6 of this policy;<\/li>\n<li>that they agree that some information about them may be transmitted to third parties or partners of Duraquip, solely for the purpose of achieving the goals described in section 6 of this policy;<\/li>\n<li>that they understand that this consent is revocable.<\/li>\n<\/ul>\n","protected":false},"excerpt":{"rendered":"<p>Preamble Duraquip is subject to the Personal Information Protection Act in the private sector. Duraquip recognizes the importance of respecting privacy and is committed to limiting the collection of information to what is necessary. This policy aims to inform you of the guidelines established to protect the personal information that you entrust to Duraquip, via <a href=\"https:\/\/www.duraquip.qc.ca\/en\/privacy-policy\/\" class=\"more-link\">&#8230;<span class=\"screen-reader-text\">  Privacy Policy<\/span><\/a><\/p>\n","protected":false},"author":1,"featured_media":0,"parent":0,"menu_order":99,"comment_status":"closed","ping_status":"closed","template":"page-templates\/cookie-consent.php","meta":{"_acf_changed":false,"footnotes":""},"class_list":["post-4858","page","type-page","status-publish","hentry"],"acf":[],"yoast_head":"<!-- This site is optimized with the Yoast SEO plugin v27.3 - https:\/\/yoast.com\/product\/yoast-seo-wordpress\/ -->\n<title>Privacy Policy | Duraquip<\/title>\n<meta name=\"robots\" content=\"index, follow, max-snippet:-1, max-image-preview:large, max-video-preview:-1\" \/>\n<meta property=\"og:locale\" content=\"en_US\" \/>\n<meta property=\"og:type\" content=\"article\" \/>\n<meta property=\"og:title\" content=\"Privacy Policy | Duraquip\" \/>\n<meta property=\"og:description\" content=\"Preamble Duraquip is subject to the Personal Information Protection Act in the private sector. Duraquip recognizes the importance of respecting privacy and is committed to limiting the collection of information to what is necessary. This policy aims to inform you of the guidelines established to protect the personal information that you entrust to Duraquip, via ... Privacy Policy\" \/>\n<meta property=\"og:url\" content=\"https:\/\/www.duraquip.qc.ca\/en\/privacy-policy\/\" \/>\n<meta property=\"og:site_name\" content=\"Duraquip\" \/>\n<meta property=\"article:publisher\" content=\"https:\/\/www.facebook.com\/duraquipinc\/\" \/>\n<meta property=\"article:modified_time\" content=\"2023-10-27T15:18:37+00:00\" \/>\n<meta property=\"og:image\" content=\"https:\/\/www.duraquip.qc.ca\/wp-content\/uploads\/2022\/01\/thumbnail-seo-general.jpg\" \/>\n\t<meta property=\"og:image:width\" content=\"1155\" \/>\n\t<meta property=\"og:image:height\" content=\"675\" \/>\n\t<meta property=\"og:image:type\" content=\"image\/jpeg\" \/>\n<meta name=\"twitter:label1\" content=\"Est. reading time\" \/>\n\t<meta name=\"twitter:data1\" content=\"8 minutes\" \/>\n<script type=\"application\/ld+json\" class=\"yoast-schema-graph\">{\"@context\":\"https:\\\/\\\/schema.org\",\"@graph\":[{\"@type\":\"WebPage\",\"@id\":\"https:\\\/\\\/www.duraquip.qc.ca\\\/en\\\/privacy-policy\\\/\",\"url\":\"https:\\\/\\\/www.duraquip.qc.ca\\\/en\\\/privacy-policy\\\/\",\"name\":\"Privacy Policy | Duraquip\",\"isPartOf\":{\"@id\":\"https:\\\/\\\/www.duraquip.qc.ca\\\/#website\"},\"datePublished\":\"2023-10-25T16:39:59+00:00\",\"dateModified\":\"2023-10-27T15:18:37+00:00\",\"breadcrumb\":{\"@id\":\"https:\\\/\\\/www.duraquip.qc.ca\\\/en\\\/privacy-policy\\\/#breadcrumb\"},\"inLanguage\":\"en-US\",\"potentialAction\":[{\"@type\":\"ReadAction\",\"target\":[\"https:\\\/\\\/www.duraquip.qc.ca\\\/en\\\/privacy-policy\\\/\"]}]},{\"@type\":\"BreadcrumbList\",\"@id\":\"https:\\\/\\\/www.duraquip.qc.ca\\\/en\\\/privacy-policy\\\/#breadcrumb\",\"itemListElement\":[{\"@type\":\"ListItem\",\"position\":1,\"name\":\"Accueil\",\"item\":\"https:\\\/\\\/www.duraquip.qc.ca\\\/en\\\/\"},{\"@type\":\"ListItem\",\"position\":2,\"name\":\"Privacy Policy\"}]},{\"@type\":\"WebSite\",\"@id\":\"https:\\\/\\\/www.duraquip.qc.ca\\\/#website\",\"url\":\"https:\\\/\\\/www.duraquip.qc.ca\\\/\",\"name\":\"Duraquip\",\"description\":\"Chariots \u00e9l\u00e9vateurs neufs et usag\u00e9s\",\"publisher\":{\"@id\":\"https:\\\/\\\/www.duraquip.qc.ca\\\/#organization\"},\"potentialAction\":[{\"@type\":\"SearchAction\",\"target\":{\"@type\":\"EntryPoint\",\"urlTemplate\":\"https:\\\/\\\/www.duraquip.qc.ca\\\/?s={search_term_string}\"},\"query-input\":{\"@type\":\"PropertyValueSpecification\",\"valueRequired\":true,\"valueName\":\"search_term_string\"}}],\"inLanguage\":\"en-US\"},{\"@type\":\"Organization\",\"@id\":\"https:\\\/\\\/www.duraquip.qc.ca\\\/#organization\",\"name\":\"Duraquip inc.\",\"url\":\"https:\\\/\\\/www.duraquip.qc.ca\\\/\",\"logo\":{\"@type\":\"ImageObject\",\"inLanguage\":\"en-US\",\"@id\":\"https:\\\/\\\/www.duraquip.qc.ca\\\/#\\\/schema\\\/logo\\\/image\\\/\",\"url\":\"https:\\\/\\\/www.duraquip.qc.ca\\\/wp-content\\\/uploads\\\/2022\\\/01\\\/logo-duraquip.jpg\",\"contentUrl\":\"https:\\\/\\\/www.duraquip.qc.ca\\\/wp-content\\\/uploads\\\/2022\\\/01\\\/logo-duraquip.jpg\",\"width\":450,\"height\":150,\"caption\":\"Duraquip inc.\"},\"image\":{\"@id\":\"https:\\\/\\\/www.duraquip.qc.ca\\\/#\\\/schema\\\/logo\\\/image\\\/\"},\"sameAs\":[\"https:\\\/\\\/www.facebook.com\\\/duraquipinc\\\/\",\"https:\\\/\\\/x.com\\\/Duraquip\",\"https:\\\/\\\/www.instagram.com\\\/duraquipinc\\\/\",\"https:\\\/\\\/ca.linkedin.com\\\/company\\\/duraquip-inc\",\"https:\\\/\\\/www.youtube.com\\\/user\\\/duraquip\"]}]}<\/script>\n<!-- \/ Yoast SEO plugin. -->","yoast_head_json":{"title":"Privacy Policy | Duraquip","robots":{"index":"index","follow":"follow","max-snippet":"max-snippet:-1","max-image-preview":"max-image-preview:large","max-video-preview":"max-video-preview:-1"},"og_locale":"en_US","og_type":"article","og_title":"Privacy Policy | Duraquip","og_description":"Preamble Duraquip is subject to the Personal Information Protection Act in the private sector. Duraquip recognizes the importance of respecting privacy and is committed to limiting the collection of information to what is necessary. This policy aims to inform you of the guidelines established to protect the personal information that you entrust to Duraquip, via ... Privacy Policy","og_url":"https:\/\/www.duraquip.qc.ca\/en\/privacy-policy\/","og_site_name":"Duraquip","article_publisher":"https:\/\/www.facebook.com\/duraquipinc\/","article_modified_time":"2023-10-27T15:18:37+00:00","og_image":[{"width":1155,"height":675,"url":"https:\/\/www.duraquip.qc.ca\/wp-content\/uploads\/2022\/01\/thumbnail-seo-general.jpg","type":"image\/jpeg"}],"twitter_misc":{"Est. reading time":"8 minutes"},"schema":{"@context":"https:\/\/schema.org","@graph":[{"@type":"WebPage","@id":"https:\/\/www.duraquip.qc.ca\/en\/privacy-policy\/","url":"https:\/\/www.duraquip.qc.ca\/en\/privacy-policy\/","name":"Privacy Policy | Duraquip","isPartOf":{"@id":"https:\/\/www.duraquip.qc.ca\/#website"},"datePublished":"2023-10-25T16:39:59+00:00","dateModified":"2023-10-27T15:18:37+00:00","breadcrumb":{"@id":"https:\/\/www.duraquip.qc.ca\/en\/privacy-policy\/#breadcrumb"},"inLanguage":"en-US","potentialAction":[{"@type":"ReadAction","target":["https:\/\/www.duraquip.qc.ca\/en\/privacy-policy\/"]}]},{"@type":"BreadcrumbList","@id":"https:\/\/www.duraquip.qc.ca\/en\/privacy-policy\/#breadcrumb","itemListElement":[{"@type":"ListItem","position":1,"name":"Accueil","item":"https:\/\/www.duraquip.qc.ca\/en\/"},{"@type":"ListItem","position":2,"name":"Privacy Policy"}]},{"@type":"WebSite","@id":"https:\/\/www.duraquip.qc.ca\/#website","url":"https:\/\/www.duraquip.qc.ca\/","name":"Duraquip","description":"Chariots \u00e9l\u00e9vateurs neufs et usag\u00e9s","publisher":{"@id":"https:\/\/www.duraquip.qc.ca\/#organization"},"potentialAction":[{"@type":"SearchAction","target":{"@type":"EntryPoint","urlTemplate":"https:\/\/www.duraquip.qc.ca\/?s={search_term_string}"},"query-input":{"@type":"PropertyValueSpecification","valueRequired":true,"valueName":"search_term_string"}}],"inLanguage":"en-US"},{"@type":"Organization","@id":"https:\/\/www.duraquip.qc.ca\/#organization","name":"Duraquip inc.","url":"https:\/\/www.duraquip.qc.ca\/","logo":{"@type":"ImageObject","inLanguage":"en-US","@id":"https:\/\/www.duraquip.qc.ca\/#\/schema\/logo\/image\/","url":"https:\/\/www.duraquip.qc.ca\/wp-content\/uploads\/2022\/01\/logo-duraquip.jpg","contentUrl":"https:\/\/www.duraquip.qc.ca\/wp-content\/uploads\/2022\/01\/logo-duraquip.jpg","width":450,"height":150,"caption":"Duraquip inc."},"image":{"@id":"https:\/\/www.duraquip.qc.ca\/#\/schema\/logo\/image\/"},"sameAs":["https:\/\/www.facebook.com\/duraquipinc\/","https:\/\/x.com\/Duraquip","https:\/\/www.instagram.com\/duraquipinc\/","https:\/\/ca.linkedin.com\/company\/duraquip-inc","https:\/\/www.youtube.com\/user\/duraquip"]}]}},"_links":{"self":[{"href":"https:\/\/www.duraquip.qc.ca\/en\/wp-json\/wp\/v2\/pages\/4858","targetHints":{"allow":["GET"]}}],"collection":[{"href":"https:\/\/www.duraquip.qc.ca\/en\/wp-json\/wp\/v2\/pages"}],"about":[{"href":"https:\/\/www.duraquip.qc.ca\/en\/wp-json\/wp\/v2\/types\/page"}],"author":[{"embeddable":true,"href":"https:\/\/www.duraquip.qc.ca\/en\/wp-json\/wp\/v2\/users\/1"}],"replies":[{"embeddable":true,"href":"https:\/\/www.duraquip.qc.ca\/en\/wp-json\/wp\/v2\/comments?post=4858"}],"version-history":[{"count":3,"href":"https:\/\/www.duraquip.qc.ca\/en\/wp-json\/wp\/v2\/pages\/4858\/revisions"}],"predecessor-version":[{"id":4870,"href":"https:\/\/www.duraquip.qc.ca\/en\/wp-json\/wp\/v2\/pages\/4858\/revisions\/4870"}],"wp:attachment":[{"href":"https:\/\/www.duraquip.qc.ca\/en\/wp-json\/wp\/v2\/media?parent=4858"}],"curies":[{"name":"wp","href":"https:\/\/api.w.org\/{rel}","templated":true}]}}