{"id":2994,"date":"2021-09-16T10:02:15","date_gmt":"2021-09-16T14:02:15","guid":{"rendered":"https:\/\/www.duraquip.qc.ca\/produits\/"},"modified":"2021-10-06T10:03:14","modified_gmt":"2021-10-06T14:03:14","slug":"products","status":"publish","type":"page","link":"https:\/\/www.duraquip.qc.ca\/en\/products\/","title":{"rendered":"Products"},"content":{"rendered":"","protected":false},"excerpt":{"rendered":"","protected":false},"author":1,"featured_media":0,"parent":0,"menu_order":6,"comment_status":"closed","ping_status":"closed","template":"page-templates\/page.php","meta":{"_acf_changed":false,"footnotes":""},"class_list":["post-2994","page","type-page","status-publish","hentry"],"acf":[],"yoast_head":"<!-- This site is optimized with the Yoast SEO plugin v27.3 - https:\/\/yoast.com\/product\/yoast-seo-wordpress\/ -->\n<title>Products | Duraquip<\/title>\n<meta name=\"robots\" content=\"index, follow, max-snippet:-1, max-image-preview:large, max-video-preview:-1\" \/>\n<meta property=\"og:locale\" content=\"en_US\" \/>\n<meta property=\"og:type\" content=\"article\" \/>\n<meta property=\"og:title\" content=\"Products | Duraquip\" \/>\n<meta property=\"og:url\" content=\"https:\/\/www.duraquip.qc.ca\/en\/products\/\" \/>\n<meta property=\"og:site_name\" content=\"Duraquip\" \/>\n<meta property=\"article:publisher\" content=\"https:\/\/www.facebook.com\/duraquipinc\/\" \/>\n<meta property=\"article:modified_time\" content=\"2021-10-06T14:03:14+00:00\" \/>\n<meta property=\"og:image\" content=\"https:\/\/www.duraquip.qc.ca\/wp-content\/uploads\/2022\/01\/thumbnail-seo-general.jpg\" \/>\n\t<meta property=\"og:image:width\" content=\"1155\" \/>\n\t<meta property=\"og:image:height\" content=\"675\" \/>\n\t<meta property=\"og:image:type\" content=\"image\/jpeg\" \/>\n<script type=\"application\/ld+json\" class=\"yoast-schema-graph\">{\"@context\":\"https:\\\/\\\/schema.org\",\"@graph\":[{\"@type\":\"WebPage\",\"@id\":\"https:\\\/\\\/www.duraquip.qc.ca\\\/en\\\/products\\\/\",\"url\":\"https:\\\/\\\/www.duraquip.qc.ca\\\/en\\\/products\\\/\",\"name\":\"Products | Duraquip\",\"isPartOf\":{\"@id\":\"https:\\\/\\\/www.duraquip.qc.ca\\\/#website\"},\"datePublished\":\"2021-09-16T14:02:15+00:00\",\"dateModified\":\"2021-10-06T14:03:14+00:00\",\"breadcrumb\":{\"@id\":\"https:\\\/\\\/www.duraquip.qc.ca\\\/en\\\/products\\\/#breadcrumb\"},\"inLanguage\":\"en-US\",\"potentialAction\":[{\"@type\":\"ReadAction\",\"target\":[\"https:\\\/\\\/www.duraquip.qc.ca\\\/en\\\/products\\\/\"]}]},{\"@type\":\"BreadcrumbList\",\"@id\":\"https:\\\/\\\/www.duraquip.qc.ca\\\/en\\\/products\\\/#breadcrumb\",\"itemListElement\":[{\"@type\":\"ListItem\",\"position\":1,\"name\":\"Accueil\",\"item\":\"https:\\\/\\\/www.duraquip.qc.ca\\\/en\\\/\"},{\"@type\":\"ListItem\",\"position\":2,\"name\":\"Products\"}]},{\"@type\":\"WebSite\",\"@id\":\"https:\\\/\\\/www.duraquip.qc.ca\\\/#website\",\"url\":\"https:\\\/\\\/www.duraquip.qc.ca\\\/\",\"name\":\"Duraquip\",\"description\":\"Chariots \u00e9l\u00e9vateurs neufs et usag\u00e9s\",\"publisher\":{\"@id\":\"https:\\\/\\\/www.duraquip.qc.ca\\\/#organization\"},\"potentialAction\":[{\"@type\":\"SearchAction\",\"target\":{\"@type\":\"EntryPoint\",\"urlTemplate\":\"https:\\\/\\\/www.duraquip.qc.ca\\\/?s={search_term_string}\"},\"query-input\":{\"@type\":\"PropertyValueSpecification\",\"valueRequired\":true,\"valueName\":\"search_term_string\"}}],\"inLanguage\":\"en-US\"},{\"@type\":\"Organization\",\"@id\":\"https:\\\/\\\/www.duraquip.qc.ca\\\/#organization\",\"name\":\"Duraquip inc.\",\"url\":\"https:\\\/\\\/www.duraquip.qc.ca\\\/\",\"logo\":{\"@type\":\"ImageObject\",\"inLanguage\":\"en-US\",\"@id\":\"https:\\\/\\\/www.duraquip.qc.ca\\\/#\\\/schema\\\/logo\\\/image\\\/\",\"url\":\"https:\\\/\\\/www.duraquip.qc.ca\\\/wp-content\\\/uploads\\\/2022\\\/01\\\/logo-duraquip.jpg\",\"contentUrl\":\"https:\\\/\\\/www.duraquip.qc.ca\\\/wp-content\\\/uploads\\\/2022\\\/01\\\/logo-duraquip.jpg\",\"width\":450,\"height\":150,\"caption\":\"Duraquip inc.\"},\"image\":{\"@id\":\"https:\\\/\\\/www.duraquip.qc.ca\\\/#\\\/schema\\\/logo\\\/image\\\/\"},\"sameAs\":[\"https:\\\/\\\/www.facebook.com\\\/duraquipinc\\\/\",\"https:\\\/\\\/x.com\\\/Duraquip\",\"https:\\\/\\\/www.instagram.com\\\/duraquipinc\\\/\",\"https:\\\/\\\/ca.linkedin.com\\\/company\\\/duraquip-inc\",\"https:\\\/\\\/www.youtube.com\\\/user\\\/duraquip\"]}]}<\/script>\n<!-- \/ Yoast SEO plugin. -->","yoast_head_json":{"title":"Products | Duraquip","robots":{"index":"index","follow":"follow","max-snippet":"max-snippet:-1","max-image-preview":"max-image-preview:large","max-video-preview":"max-video-preview:-1"},"og_locale":"en_US","og_type":"article","og_title":"Products | Duraquip","og_url":"https:\/\/www.duraquip.qc.ca\/en\/products\/","og_site_name":"Duraquip","article_publisher":"https:\/\/www.facebook.com\/duraquipinc\/","article_modified_time":"2021-10-06T14:03:14+00:00","og_image":[{"width":1155,"height":675,"url":"https:\/\/www.duraquip.qc.ca\/wp-content\/uploads\/2022\/01\/thumbnail-seo-general.jpg","type":"image\/jpeg"}],"schema":{"@context":"https:\/\/schema.org","@graph":[{"@type":"WebPage","@id":"https:\/\/www.duraquip.qc.ca\/en\/products\/","url":"https:\/\/www.duraquip.qc.ca\/en\/products\/","name":"Products | Duraquip","isPartOf":{"@id":"https:\/\/www.duraquip.qc.ca\/#website"},"datePublished":"2021-09-16T14:02:15+00:00","dateModified":"2021-10-06T14:03:14+00:00","breadcrumb":{"@id":"https:\/\/www.duraquip.qc.ca\/en\/products\/#breadcrumb"},"inLanguage":"en-US","potentialAction":[{"@type":"ReadAction","target":["https:\/\/www.duraquip.qc.ca\/en\/products\/"]}]},{"@type":"BreadcrumbList","@id":"https:\/\/www.duraquip.qc.ca\/en\/products\/#breadcrumb","itemListElement":[{"@type":"ListItem","position":1,"name":"Accueil","item":"https:\/\/www.duraquip.qc.ca\/en\/"},{"@type":"ListItem","position":2,"name":"Products"}]},{"@type":"WebSite","@id":"https:\/\/www.duraquip.qc.ca\/#website","url":"https:\/\/www.duraquip.qc.ca\/","name":"Duraquip","description":"Chariots \u00e9l\u00e9vateurs neufs et usag\u00e9s","publisher":{"@id":"https:\/\/www.duraquip.qc.ca\/#organization"},"potentialAction":[{"@type":"SearchAction","target":{"@type":"EntryPoint","urlTemplate":"https:\/\/www.duraquip.qc.ca\/?s={search_term_string}"},"query-input":{"@type":"PropertyValueSpecification","valueRequired":true,"valueName":"search_term_string"}}],"inLanguage":"en-US"},{"@type":"Organization","@id":"https:\/\/www.duraquip.qc.ca\/#organization","name":"Duraquip inc.","url":"https:\/\/www.duraquip.qc.ca\/","logo":{"@type":"ImageObject","inLanguage":"en-US","@id":"https:\/\/www.duraquip.qc.ca\/#\/schema\/logo\/image\/","url":"https:\/\/www.duraquip.qc.ca\/wp-content\/uploads\/2022\/01\/logo-duraquip.jpg","contentUrl":"https:\/\/www.duraquip.qc.ca\/wp-content\/uploads\/2022\/01\/logo-duraquip.jpg","width":450,"height":150,"caption":"Duraquip inc."},"image":{"@id":"https:\/\/www.duraquip.qc.ca\/#\/schema\/logo\/image\/"},"sameAs":["https:\/\/www.facebook.com\/duraquipinc\/","https:\/\/x.com\/Duraquip","https:\/\/www.instagram.com\/duraquipinc\/","https:\/\/ca.linkedin.com\/company\/duraquip-inc","https:\/\/www.youtube.com\/user\/duraquip"]}]}},"_links":{"self":[{"href":"https:\/\/www.duraquip.qc.ca\/en\/wp-json\/wp\/v2\/pages\/2994","targetHints":{"allow":["GET"]}}],"collection":[{"href":"https:\/\/www.duraquip.qc.ca\/en\/wp-json\/wp\/v2\/pages"}],"about":[{"href":"https:\/\/www.duraquip.qc.ca\/en\/wp-json\/wp\/v2\/types\/page"}],"author":[{"embeddable":true,"href":"https:\/\/www.duraquip.qc.ca\/en\/wp-json\/wp\/v2\/users\/1"}],"replies":[{"embeddable":true,"href":"https:\/\/www.duraquip.qc.ca\/en\/wp-json\/wp\/v2\/comments?post=2994"}],"version-history":[{"count":4,"href":"https:\/\/www.duraquip.qc.ca\/en\/wp-json\/wp\/v2\/pages\/2994\/revisions"}],"predecessor-version":[{"id":3169,"href":"https:\/\/www.duraquip.qc.ca\/en\/wp-json\/wp\/v2\/pages\/2994\/revisions\/3169"}],"wp:attachment":[{"href":"https:\/\/www.duraquip.qc.ca\/en\/wp-json\/wp\/v2\/media?parent=2994"}],"curies":[{"name":"wp","href":"https:\/\/api.w.org\/{rel}","templated":true}]}}